{"id":6032,"date":"2024-03-27T05:45:49","date_gmt":"2024-03-27T04:45:49","guid":{"rendered":"https:\/\/kantum-luxury-properties.com\/?page_id=6032"},"modified":"2024-03-27T05:45:49","modified_gmt":"2024-03-27T04:45:49","slug":"nous-rejoindre","status":"publish","type":"page","link":"https:\/\/kantum-luxury-properties.com\/index.php\/nous-rejoindre\/","title":{"rendered":"Nous rejoindre"},"content":{"rendered":"\t\t<div data-elementor-type=\"wp-post\" data-elementor-id=\"6032\" class=\"elementor elementor-6032\">\n\t\t\t\t\t\t<section class=\"elementor-section elementor-top-section elementor-element elementor-element-728024e elementor-section-stretched elementor-section-boxed elementor-section-height-default elementor-section-height-default\" data-id=\"728024e\" data-element_type=\"section\" data-e-type=\"section\" data-settings=\"{&quot;stretch_section&quot;:&quot;section-stretched&quot;}\">\n\t\t\t\t\t\t<div class=\"elementor-container elementor-column-gap-no\">\n\t\t\t\t\t<div class=\"elementor-column elementor-col-50 elementor-top-column elementor-element elementor-element-b2be65f\" data-id=\"b2be65f\" data-element_type=\"column\" data-e-type=\"column\">\n\t\t\t<div class=\"elementor-widget-wrap elementor-element-populated\">\n\t\t\t\t\t\t<div class=\"elementor-element elementor-element-b05cc46 elementor-widget elementor-widget-heading\" data-id=\"b05cc46\" data-element_type=\"widget\" data-e-type=\"widget\" data-widget_type=\"heading.default\">\n\t\t\t\t<div class=\"elementor-widget-container\">\n\t\t\t\t\t<i aria-hidden=\"true\" class=\"icon_before opal-icon-decor\"><\/i><h2 class=\"elementor-heading-title elementor-size-default\">Cabinet en trading<\/h2>\t\t\t\t<\/div>\n\t\t\t\t<\/div>\n\t\t\t\t<div class=\"elementor-element elementor-element-d83f434 elementor-widget elementor-widget-text-editor\" data-id=\"d83f434\" data-element_type=\"widget\" data-e-type=\"widget\" data-widget_type=\"text-editor.default\">\n\t\t\t\t<div class=\"elementor-widget-container\">\n\t\t\t\t\t\t\t\t\t<p>Kantum Properties est un cabinet fran\u00e7ais d\u2019expertise en trading immobilier sur-mesure implant\u00e9 \u00e0 Business Bay \u00e0 Duba\u00ef aux \u00c9mirats Arabes Unis.<\/p><p>Nous d\u00e9celons les meilleurs investissements sur le march\u00e9 immobilier de Duba\u00ef et des \u00c9mirats Arabes Unis, avec un acc\u00e8s privil\u00e9gi\u00e9 en pr\u00e9-launch aux nouveaux programmes, avant le grand public.<\/p><p>Nous sommes experts en achat-revente ou location de courte ou longue dur\u00e9e d&rsquo;un bien immobilier avec haut rendement et prenons en charge toutes les \u00e9tapes li\u00e9es \u00e0 l&rsquo;achat, la vente ou la location de votre bien.<\/p>\t\t\t\t\t\t\t\t<\/div>\n\t\t\t\t<\/div>\n\t\t\t\t\t<\/div>\n\t\t<\/div>\n\t\t\t\t<div class=\"elementor-column elementor-col-50 elementor-top-column elementor-element elementor-element-b650452\" data-id=\"b650452\" data-element_type=\"column\" data-e-type=\"column\" data-settings=\"{&quot;background_background&quot;:&quot;classic&quot;}\">\n\t\t\t<div class=\"elementor-widget-wrap elementor-element-populated\">\n\t\t\t\t\t<div class=\"elementor-background-overlay\"><\/div>\n\t\t\t\t\t\t<div class=\"elementor-element elementor-element-9bd7da4 elementor-widget elementor-widget-image\" data-id=\"9bd7da4\" data-element_type=\"widget\" data-e-type=\"widget\" data-widget_type=\"image.default\">\n\t\t\t\t<div class=\"elementor-widget-container\">\n\t\t\t\t\t\t\t\t\t\t\t\t\t\t\t<img fetchpriority=\"high\" decoding=\"async\" width=\"960\" height=\"600\" src=\"https:\/\/kantum-luxury-properties.com\/wp-content\/uploads\/2024\/02\/ORLA-Infinity-Superman-Night.jpg\" class=\"attachment-full size-full wp-image-5170\" alt=\"\" srcset=\"https:\/\/kantum-luxury-properties.com\/wp-content\/uploads\/2024\/02\/ORLA-Infinity-Superman-Night.jpg 960w, https:\/\/kantum-luxury-properties.com\/wp-content\/uploads\/2024\/02\/ORLA-Infinity-Superman-Night-300x188.jpg 300w, https:\/\/kantum-luxury-properties.com\/wp-content\/uploads\/2024\/02\/ORLA-Infinity-Superman-Night-768x480.jpg 768w, https:\/\/kantum-luxury-properties.com\/wp-content\/uploads\/2024\/02\/ORLA-Infinity-Superman-Night-400x250.jpg 400w\" sizes=\"(max-width: 960px) 100vw, 960px\" \/>\t\t\t\t\t\t\t\t\t\t\t\t\t\t\t<\/div>\n\t\t\t\t<\/div>\n\t\t\t\t\t<\/div>\n\t\t<\/div>\n\t\t\t\t\t<\/div>\n\t\t<\/section>\n\t\t\t\t<section class=\"elementor-section elementor-top-section elementor-element elementor-element-6fce73a elementor-section-stretched elementor-section-boxed elementor-section-height-default elementor-section-height-default\" data-id=\"6fce73a\" data-element_type=\"section\" data-e-type=\"section\" data-settings=\"{&quot;stretch_section&quot;:&quot;section-stretched&quot;}\">\n\t\t\t\t\t\t<div class=\"elementor-container elementor-column-gap-no\">\n\t\t\t\t\t<div class=\"elementor-column elementor-col-50 elementor-top-column elementor-element elementor-element-e9a58ec\" data-id=\"e9a58ec\" data-element_type=\"column\" data-e-type=\"column\">\n\t\t\t<div class=\"elementor-widget-wrap elementor-element-populated\">\n\t\t\t\t\t\t<div class=\"elementor-element elementor-element-712ce30 elementor-widget__width-initial elementor-widget elementor-widget-image\" data-id=\"712ce30\" data-element_type=\"widget\" data-e-type=\"widget\" data-widget_type=\"image.default\">\n\t\t\t\t<div class=\"elementor-widget-container\">\n\t\t\t\t\t\t\t\t\t\t\t\t\t\t\t<img decoding=\"async\" width=\"960\" height=\"600\" src=\"https:\/\/kantum-luxury-properties.com\/wp-content\/uploads\/2024\/02\/VELA-VIENTO-by-OMNIYAT-10-Interior.jpg\" class=\"attachment-full size-full wp-image-5143\" alt=\"\" srcset=\"https:\/\/kantum-luxury-properties.com\/wp-content\/uploads\/2024\/02\/VELA-VIENTO-by-OMNIYAT-10-Interior.jpg 960w, https:\/\/kantum-luxury-properties.com\/wp-content\/uploads\/2024\/02\/VELA-VIENTO-by-OMNIYAT-10-Interior-300x188.jpg 300w, https:\/\/kantum-luxury-properties.com\/wp-content\/uploads\/2024\/02\/VELA-VIENTO-by-OMNIYAT-10-Interior-768x480.jpg 768w, https:\/\/kantum-luxury-properties.com\/wp-content\/uploads\/2024\/02\/VELA-VIENTO-by-OMNIYAT-10-Interior-400x250.jpg 400w\" sizes=\"(max-width: 960px) 100vw, 960px\" \/>\t\t\t\t\t\t\t\t\t\t\t\t\t\t\t<\/div>\n\t\t\t\t<\/div>\n\t\t\t\t\t<\/div>\n\t\t<\/div>\n\t\t\t\t<div class=\"elementor-column elementor-col-50 elementor-top-column elementor-element elementor-element-9781e41\" data-id=\"9781e41\" data-element_type=\"column\" data-e-type=\"column\">\n\t\t\t<div class=\"elementor-widget-wrap elementor-element-populated\">\n\t\t\t\t\t\t<div class=\"elementor-element elementor-element-c9da1e4 elementor-widget elementor-widget-heading\" data-id=\"c9da1e4\" data-element_type=\"widget\" data-e-type=\"widget\" data-widget_type=\"heading.default\">\n\t\t\t\t<div class=\"elementor-widget-container\">\n\t\t\t\t\t<i aria-hidden=\"true\" class=\"icon_before opal-icon-decor\"><\/i><h2 class=\"elementor-heading-title elementor-size-default\">Notre expertise<\/h2>\t\t\t\t<\/div>\n\t\t\t\t<\/div>\n\t\t\t\t<div class=\"elementor-element elementor-element-ef4f23c elementor-widget elementor-widget-text-editor\" data-id=\"ef4f23c\" data-element_type=\"widget\" data-e-type=\"widget\" data-widget_type=\"text-editor.default\">\n\t\t\t\t<div class=\"elementor-widget-container\">\n\t\t\t\t\t\t\t\t\t<div class=\"flex flex-grow flex-col max-w-full\"><div class=\"min-h-[20px] text-message flex flex-col items-start gap-3 whitespace-pre-wrap break-words [.text-message+&amp;]:mt-5 overflow-x-auto\" data-message-author-role=\"assistant\" data-message-id=\"c242da11-6bb7-4cf6-83a9-e7a007721441\"><div class=\"markdown prose w-full break-words dark:prose-invert light\"><p>Vous avez fait le choix d&rsquo;investir aux \u00c9mirats Arabes Unis, mais votre agenda charg\u00e9 ne vous permet pas de consacrer le temps n\u00e9cessaire \u00e0 cette d\u00e9marche ? Ou peut-\u00eatre pr\u00e9f\u00e9rez-vous b\u00e9n\u00e9ficier d&rsquo;un expert afin d&rsquo;\u00e9viter toute erreur dans votre acquisition ?<\/p><p>Notre \u00e9quipe, forte de ses relations privil\u00e9gi\u00e9es avec les promoteurs reconnus, a acc\u00e8s \u00e0 un large \u00e9ventail de propri\u00e9t\u00e9s sur le march\u00e9 immobilier. <\/p><p>Notre cabinet prend les choses en main et vous guide \u00e0 chaque \u00e9tape de votre acquisition immobili\u00e8re duba\u00efote.<\/p><\/div><\/div><\/div>\t\t\t\t\t\t\t\t<\/div>\n\t\t\t\t<\/div>\n\t\t\t\t\t<\/div>\n\t\t<\/div>\n\t\t\t\t\t<\/div>\n\t\t<\/section>\n\t\t\t\t<section class=\"elementor-section elementor-top-section elementor-element elementor-element-d6e5222 elementor-section-stretched elementor-section-boxed elementor-section-height-default elementor-section-height-default\" data-id=\"d6e5222\" data-element_type=\"section\" data-e-type=\"section\" data-settings=\"{&quot;stretch_section&quot;:&quot;section-stretched&quot;,&quot;background_background&quot;:&quot;classic&quot;}\">\n\t\t\t\t\t\t\t<div class=\"elementor-background-overlay\"><\/div>\n\t\t\t\t\t\t\t<div class=\"elementor-container elementor-column-gap-no\">\n\t\t\t\t\t<div class=\"elementor-column elementor-col-33 elementor-top-column elementor-element elementor-element-0ceec3e\" data-id=\"0ceec3e\" data-element_type=\"column\" data-e-type=\"column\">\n\t\t\t<div class=\"elementor-widget-wrap elementor-element-populated\">\n\t\t\t\t\t\t<div class=\"elementor-element elementor-element-4f8b7b8 featured-box-wrapper-transform-none elementor-widget elementor-widget-featured-box\" data-id=\"4f8b7b8\" data-element_type=\"widget\" data-e-type=\"widget\" data-widget_type=\"featured-box.default\">\n\t\t\t\t<div class=\"elementor-widget-container\">\n\t\t\t\t\t<div class=\"elementor-featured-box-wrapper\"><div class=\"elementor-featured-box-top\"><div class=\"elementor-featured-box-icon\"><i aria-hidden=\"true\" class=\"opal-icon- opal-icon-map\"><\/i><\/div><h3 class=\"elementor-featured-box-title\">Acc\u00e8s exclusif<\/h3><\/div><div class=\"elementor-featured-box-bottom\"><p class=\"elementor-featured-box-description\">B\u00e9n\u00e9ficiez d\u2019un acc\u00e8s privil\u00e9gi\u00e9 aux ventes pr\u00e9-launch des promoteurs avant le grand public (meilleurs tarifs sur le march\u00e9) avec jusqu'\u00e0 7% de plus-value imm\u00e9diatement.<\/p><\/div><\/div>\t\t\t\t<\/div>\n\t\t\t\t<\/div>\n\t\t\t\t\t<\/div>\n\t\t<\/div>\n\t\t\t\t<div class=\"elementor-column elementor-col-33 elementor-top-column elementor-element elementor-element-df1f3c2\" data-id=\"df1f3c2\" data-element_type=\"column\" data-e-type=\"column\">\n\t\t\t<div class=\"elementor-widget-wrap elementor-element-populated\">\n\t\t\t\t\t\t<div class=\"elementor-element elementor-element-3db3102 featured-box-wrapper-transform-none elementor-widget elementor-widget-featured-box\" data-id=\"3db3102\" data-element_type=\"widget\" data-e-type=\"widget\" data-widget_type=\"featured-box.default\">\n\t\t\t\t<div class=\"elementor-widget-container\">\n\t\t\t\t\t<div class=\"elementor-featured-box-wrapper\"><div class=\"elementor-featured-box-top\"><div class=\"elementor-featured-box-icon\"><i aria-hidden=\"true\" class=\"opal-icon- opal-icon-user\"><\/i><\/div><h3 class=\"elementor-featured-box-title\">N\u00e9gociation optimis\u00e9e<\/h3><\/div><div class=\"elementor-featured-box-bottom\"><p class=\"elementor-featured-box-description\">Optimisez votre prix d'achat gr\u00e2ce \u00e0 notre connaissance approfondie du march\u00e9 duba\u00efote et \u00e0 notre expertise en n\u00e9gociation avec les promoteurs immobiliers.<\/p><\/div><\/div>\t\t\t\t<\/div>\n\t\t\t\t<\/div>\n\t\t\t\t\t<\/div>\n\t\t<\/div>\n\t\t\t\t<div class=\"elementor-column elementor-col-33 elementor-top-column elementor-element elementor-element-ca733ca\" data-id=\"ca733ca\" data-element_type=\"column\" data-e-type=\"column\">\n\t\t\t<div class=\"elementor-widget-wrap elementor-element-populated\">\n\t\t\t\t\t\t<div class=\"elementor-element elementor-element-c050618 featured-box-wrapper-transform-none elementor-widget elementor-widget-featured-box\" data-id=\"c050618\" data-element_type=\"widget\" data-e-type=\"widget\" data-widget_type=\"featured-box.default\">\n\t\t\t\t<div class=\"elementor-widget-container\">\n\t\t\t\t\t<div class=\"elementor-featured-box-wrapper\"><div class=\"elementor-featured-box-top\"><div class=\"elementor-featured-box-icon\"><i aria-hidden=\"true\" class=\"opal-icon- opal-icon-like\"><\/i><\/div><h3 class=\"elementor-featured-box-title\">Accompagnement de A \u00e0 Z<\/h3><\/div><div class=\"elementor-featured-box-bottom\"><p class=\"elementor-featured-box-description\">Confiez-nous la qualification de votre projet, l'optimisation du financement,  les v\u00e9rifications administratives et la r\u00e9alisation des proc\u00e9dures aupr\u00e8s du Dubai Land Departement (DLD).<\/p><\/div><\/div>\t\t\t\t<\/div>\n\t\t\t\t<\/div>\n\t\t\t\t\t<\/div>\n\t\t<\/div>\n\t\t\t\t\t<\/div>\n\t\t<\/section>\n\t\t\t\t<section class=\"elementor-section elementor-top-section elementor-element elementor-element-6337e7f elementor-section-stretched elementor-section-boxed elementor-section-height-default elementor-section-height-default\" data-id=\"6337e7f\" data-element_type=\"section\" data-e-type=\"section\" data-settings=\"{&quot;stretch_section&quot;:&quot;section-stretched&quot;}\">\n\t\t\t\t\t\t<div class=\"elementor-container elementor-column-gap-no\">\n\t\t\t\t\t<div class=\"elementor-column elementor-col-50 elementor-top-column elementor-element elementor-element-8f3a630\" data-id=\"8f3a630\" data-element_type=\"column\" data-e-type=\"column\">\n\t\t\t<div class=\"elementor-widget-wrap elementor-element-populated\">\n\t\t\t\t\t\t<div class=\"elementor-element elementor-element-2b55e43 elementor-widget elementor-widget-heading\" data-id=\"2b55e43\" data-element_type=\"widget\" data-e-type=\"widget\" data-widget_type=\"heading.default\">\n\t\t\t\t<div class=\"elementor-widget-container\">\n\t\t\t\t\t<i aria-hidden=\"true\" class=\"icon_before opal-icon-decor\"><\/i><h2 class=\"elementor-heading-title elementor-size-default\">Notre savoir-faire<\/h2>\t\t\t\t<\/div>\n\t\t\t\t<\/div>\n\t\t\t\t<div class=\"elementor-element elementor-element-202bfc7 elementor-widget elementor-widget-text-editor\" data-id=\"202bfc7\" data-element_type=\"widget\" data-e-type=\"widget\" data-widget_type=\"text-editor.default\">\n\t\t\t\t<div class=\"elementor-widget-container\">\n\t\t\t\t\t\t\t\t\t<p>Nous nous effor\u00e7ons d&rsquo;identifier les opportunit\u00e9s d&rsquo;investissement les plus rentables pour nos clients en tirant parti de la pr\u00e9sence locale de notre \u00e9quipe d&rsquo;experts en placement immobilier et de son exp\u00e9rience dans le march\u00e9 immobilier \u00e9mirati.<\/p>\n<p>\u00c0 Duba\u00ef, le retour sur investissement (ROI) dans les communaut\u00e9s les plus pris\u00e9es peut aller jusqu&rsquo;\u00e0 30%. Ce taux est significativement plus \u00e9lev\u00e9 que celui observ\u00e9 sur le march\u00e9 immobilier europ\u00e9en et sur la majorit\u00e9 des autres march\u00e9s immobiliers internationaux.<\/p>\n<p>Nous ne vous conseillerions pas un bien immobilier que nous n&rsquo;aurions pas nous-m\u00eames achet\u00e9.<\/p>\t\t\t\t\t\t\t\t<\/div>\n\t\t\t\t<\/div>\n\t\t\t\t\t<\/div>\n\t\t<\/div>\n\t\t\t\t<div class=\"elementor-column elementor-col-50 elementor-top-column elementor-element elementor-element-db60654\" data-id=\"db60654\" data-element_type=\"column\" data-e-type=\"column\" data-settings=\"{&quot;background_background&quot;:&quot;classic&quot;}\">\n\t\t\t<div class=\"elementor-widget-wrap elementor-element-populated\">\n\t\t\t\t\t<div class=\"elementor-background-overlay\"><\/div>\n\t\t\t\t\t\t<div class=\"elementor-element elementor-element-51cf941 elementor-widget elementor-widget-image\" data-id=\"51cf941\" data-element_type=\"widget\" data-e-type=\"widget\" data-widget_type=\"image.default\">\n\t\t\t\t<div class=\"elementor-widget-container\">\n\t\t\t\t\t\t\t\t\t\t\t\t\t\t\t<img decoding=\"async\" width=\"960\" height=\"800\" src=\"https:\/\/kantum-luxury-properties.com\/wp-content\/uploads\/2024\/02\/ANWA-ARIA-External-3.jpg\" class=\"attachment-full size-full wp-image-5065\" alt=\"\" srcset=\"https:\/\/kantum-luxury-properties.com\/wp-content\/uploads\/2024\/02\/ANWA-ARIA-External-3.jpg 960w, https:\/\/kantum-luxury-properties.com\/wp-content\/uploads\/2024\/02\/ANWA-ARIA-External-3-300x250.jpg 300w, https:\/\/kantum-luxury-properties.com\/wp-content\/uploads\/2024\/02\/ANWA-ARIA-External-3-768x640.jpg 768w, https:\/\/kantum-luxury-properties.com\/wp-content\/uploads\/2024\/02\/ANWA-ARIA-External-3-400x333.jpg 400w\" sizes=\"(max-width: 960px) 100vw, 960px\" \/>\t\t\t\t\t\t\t\t\t\t\t\t\t\t\t<\/div>\n\t\t\t\t<\/div>\n\t\t\t\t\t<\/div>\n\t\t<\/div>\n\t\t\t\t\t<\/div>\n\t\t<\/section>\n\t\t\t\t<section class=\"elementor-section elementor-top-section elementor-element elementor-element-16892be elementor-section-stretched elementor-hidden-mobile elementor-section-boxed elementor-section-height-default elementor-section-height-default\" data-id=\"16892be\" data-element_type=\"section\" data-e-type=\"section\" data-settings=\"{&quot;stretch_section&quot;:&quot;section-stretched&quot;}\">\n\t\t\t\t\t\t<div class=\"elementor-container elementor-column-gap-no\">\n\t\t\t\t\t<div class=\"elementor-column elementor-col-100 elementor-top-column elementor-element elementor-element-d7e9368\" data-id=\"d7e9368\" data-element_type=\"column\" data-e-type=\"column\">\n\t\t\t<div class=\"elementor-widget-wrap elementor-element-populated\">\n\t\t\t\t\t\t<div class=\"elementor-element elementor-element-fa1023b elementor-heading-tablet__align-center elementor-widget elementor-widget-heading\" data-id=\"fa1023b\" data-element_type=\"widget\" data-e-type=\"widget\" data-widget_type=\"heading.default\">\n\t\t\t\t<div class=\"elementor-widget-container\">\n\t\t\t\t\t<i aria-hidden=\"true\" class=\"icon_before opal-icon-decor\"><\/i><h2 class=\"elementor-heading-title elementor-size-default\">Notre \u00e9quipe<\/h2>\t\t\t\t<\/div>\n\t\t\t\t<\/div>\n\t\t\t\t\t<\/div>\n\t\t<\/div>\n\t\t\t\t\t<\/div>\n\t\t<\/section>\n\t\t\t\t<section class=\"elementor-section elementor-top-section elementor-element elementor-element-0214d2c elementor-section-stretched elementor-hidden-desktop elementor-hidden-tablet elementor-hidden-mobile elementor-section-boxed elementor-section-height-default elementor-section-height-default\" data-id=\"0214d2c\" data-element_type=\"section\" data-e-type=\"section\" data-settings=\"{&quot;stretch_section&quot;:&quot;section-stretched&quot;,&quot;background_background&quot;:&quot;classic&quot;}\">\n\t\t\t\t\t\t<div class=\"elementor-container elementor-column-gap-no\">\n\t\t\t\t\t<div class=\"elementor-column elementor-col-100 elementor-top-column elementor-element elementor-element-4241409\" data-id=\"4241409\" data-element_type=\"column\" data-e-type=\"column\">\n\t\t\t<div class=\"elementor-widget-wrap elementor-element-populated\">\n\t\t\t\t\t\t<div class=\"elementor-element elementor-element-4468989 elementor-heading__align-center elementor-widget elementor-widget-heading\" data-id=\"4468989\" data-element_type=\"widget\" data-e-type=\"widget\" data-widget_type=\"heading.default\">\n\t\t\t\t<div class=\"elementor-widget-container\">\n\t\t\t\t\t<h2 class=\"elementor-heading-title elementor-size-default\">Available for<\/h2>\t\t\t\t<\/div>\n\t\t\t\t<\/div>\n\t\t\t\t<div class=\"elementor-element elementor-element-05a3565 elementor-heading__align-center elementor-heading-mobile__align-center elementor-widget elementor-widget-heading\" data-id=\"05a3565\" data-element_type=\"widget\" data-e-type=\"widget\" data-widget_type=\"heading.default\">\n\t\t\t\t<div class=\"elementor-widget-container\">\n\t\t\t\t\t<h2 class=\"elementor-heading-title elementor-size-default\">Immediate Occupancy !<\/h2>\t\t\t\t<\/div>\n\t\t\t\t<\/div>\n\t\t\t\t<div class=\"elementor-element elementor-element-e5bcc54 elementor-align-center elementor-button-primary elementor-widget elementor-widget-button\" data-id=\"e5bcc54\" data-element_type=\"widget\" data-e-type=\"widget\" data-widget_type=\"button.default\">\n\t\t\t\t<div class=\"elementor-widget-container\">\n\t\t\t\t\t        <div class=\"elementor-button-wrapper\">\n            <a href=\"#\" class=\"elementor-button-link elementor-button elementor-size-lg\" role=\"button\">\n                \t\t<span class=\"elementor-button-content-wrapper\">\n\t\t\t\t\t\t\t\t\t<span class=\"elementor-button-text\">View availability<\/span>\n\t\t\t\t\t<\/span>\n\t\t            <\/a>\n        <\/div>\n        \t\t\t\t<\/div>\n\t\t\t\t<\/div>\n\t\t\t\t\t<\/div>\n\t\t<\/div>\n\t\t\t\t\t<\/div>\n\t\t<\/section>\n\t\t\t\t<\/div>\n\t\t","protected":false},"excerpt":{"rendered":"<p>Cabinet en trading Kantum Properties est un cabinet fran\u00e7ais d\u2019expertise en trading immobilier sur-mesure implant\u00e9 \u00e0 Business Bay \u00e0 Duba\u00ef aux \u00c9mirats Arabes Unis. Nous d\u00e9celons les meilleurs investissements sur le march\u00e9 immobilier de Duba\u00ef et des \u00c9mirats Arabes Unis, avec un acc\u00e8s privil\u00e9gi\u00e9 en pr\u00e9-launch aux nouveaux programmes, avant le grand public. Nous sommes &hellip; <\/p>\n<p class=\"link-more\"><a href=\"https:\/\/kantum-luxury-properties.com\/index.php\/nous-rejoindre\/\" class=\"more-link\">Read More <span class=\"screen-reader-text\"> \u00ab\u00a0Nous rejoindre\u00a0\u00bb<\/span><\/a><\/p>\n","protected":false},"author":1,"featured_media":0,"parent":0,"menu_order":0,"comment_status":"closed","ping_status":"closed","template":"page-elementor.php","meta":{"inline_featured_image":false,"footnotes":""},"class_list":["post-6032","page","type-page","status-publish","hentry"],"_links":{"self":[{"href":"https:\/\/kantum-luxury-properties.com\/index.php\/wp-json\/wp\/v2\/pages\/6032","targetHints":{"allow":["GET"]}}],"collection":[{"href":"https:\/\/kantum-luxury-properties.com\/index.php\/wp-json\/wp\/v2\/pages"}],"about":[{"href":"https:\/\/kantum-luxury-properties.com\/index.php\/wp-json\/wp\/v2\/types\/page"}],"author":[{"embeddable":true,"href":"https:\/\/kantum-luxury-properties.com\/index.php\/wp-json\/wp\/v2\/users\/1"}],"replies":[{"embeddable":true,"href":"https:\/\/kantum-luxury-properties.com\/index.php\/wp-json\/wp\/v2\/comments?post=6032"}],"version-history":[{"count":1,"href":"https:\/\/kantum-luxury-properties.com\/index.php\/wp-json\/wp\/v2\/pages\/6032\/revisions"}],"predecessor-version":[{"id":6033,"href":"https:\/\/kantum-luxury-properties.com\/index.php\/wp-json\/wp\/v2\/pages\/6032\/revisions\/6033"}],"wp:attachment":[{"href":"https:\/\/kantum-luxury-properties.com\/index.php\/wp-json\/wp\/v2\/media?parent=6032"}],"curies":[{"name":"wp","href":"https:\/\/api.w.org\/{rel}","templated":true}]}}